{"id":11,"date":"2018-04-09T21:32:50","date_gmt":"2018-04-09T19:32:50","guid":{"rendered":"http:\/\/www.abest.com.pl\/wp\/onetone-front-page\/"},"modified":"2019-01-26T15:24:21","modified_gmt":"2019-01-26T14:24:21","slug":"akumulatory","status":"publish","type":"page","link":"http:\/\/www.abest.com.pl\/wp\/","title":{"rendered":"Akumulatory Bielsko-Bia\u0142a i Akumulatory \u017bywiec &#8211; A-BEST"},"content":{"rendered":"<p>A-BEST Akumulatory Bielsko i A-BEST Akumulatory \u017bywiec: oferujemy bardzo bogat\u0105 gam\u0119 akumulator\u00f3w &#8211; jeste\u015bmy przedstawicielem firm: <a href=\"http:\/\/www.abest.com.pl\/wp\/akumulatory-centra-w-a-best\/\">Centra<\/a>, Exide, <a href=\"http:\/\/www.abest.com.pl\/wp\/akumulatory-bosch-w-a-best\/\">Bosch<\/a> i innych. Od 28 lat (rok za\u0142o\u017cenia 1991) zajmujemy si\u0119 sprzeda\u017c\u0105 akumulator\u00f3w w Bielsku-Bia\u0142ej i \u017bywcu. Prowadzimy sprzeda\u017c hurtow\u0105 i detaliczn\u0105.<\/p>\n<p>Jeste\u015bmy oficjalnym przedstawicielem firm: Centra, Exide, Bosch, Sznajder, World Batt, Power Batt, PowerMax. Oferujemy bardzo bogat\u0105 gam\u0119 akumulator\u00f3w do wszystkiego co je\u017adzi, p\u0142ywa i lata. R\u00f3wnie\u017c akumulatory do: alarm\u00f3w, UPS-\u00f3w, kas fiskalnych, zabawek i zasilania awaryjnego. W naszej ofercie znajd\u0105 Pa\u0144stwo akumulatory: \u017celowe, AGM, EFB i konwencjonalne kwasowo-o\u0142owiowe. Nasz\u0105 dzia\u0142alno\u015b\u0107 prowadzimy w sklepach A-Best Akumulatory Bielsko i A-Best Akumulatory \u017bywiec<\/p>\n<p>Wyszkolony i do\u015bwiadczony personel zapewni Pa\u0144stwu porad\u0119 techniczn\u0105 i pomoc w monta\u017cu. Zapewniamy serwis gwarancyjny i pogwarancyjny akumulator\u00f3w. Odbyte szkolenia i kwalifikacje personelu potwierdzone s\u0105 przez liczne certyfikaty otrzymane od producent\u00f3w i importer\u00f3w akumulator\u00f3w. Nasza wiedza i prawie 30-letnie do\u015bwiadczenie gwarantuj\u0105 obs\u0142ug\u0119 na najwy\u017cszym poziomie.<\/p>\n<p>Prowadzimy r\u00f3wnie\u017c sprzeda\u017c prostownik\u00f3w samochodowych, \u0142adowarek, przewod\u00f3w wysokiego napi\u0119cia, przewod\u00f3w rozruchowych, tester\u00f3w, klem i anten samochodowych. A-Best Bielsko i A-Best \u017bywiec wsp\u00f3\u0142pracuj\u0105 z licznymi firmami transportowymi, sklepami motoryzacyjnymi, warsztatami. Jeste\u015bmy te\u017c wiod\u0105cym detalicznym sprzedawc\u0105 akumulator\u00f3w na Podbeskidziu. Wsp\u00f3\u0142pracujemy bezpo\u015brednio z producentami i importerami <a href=\"http:\/\/www.abest.com.pl\/wp\/akumulator\/\">akumulator\u00f3w<\/a>, co zapewnia nam dostawy \u201e\u015bwie\u017cych produkt\u00f3w\u201d.<\/p>\n<p>Dla sta\u0142ych odbiorc\u00f3w proponujemy bardzo dogodne warunki wsp\u00f3\u0142pracy.<\/p>\n<p>Zapraszamy do <a href=\"http:\/\/www.abest.com.pl\/wp\/formularz-kontaktowy-a-best\/\">kontaktu<\/a>.<\/p>\n<p>Odwied\u017a nas w Google Maps:<\/p>\n<ul>\n<li><a href=\"https:\/\/www.google.com\/maps\/place\/A-BEST+Akumulatory.+Hurt,+Detal,+autoryzowany+dystrybutor+od+roku+1991.\/@49.801245,19.0450472,17z\/data=!3m1!4b1!4m5!3m4!1s0x47169f84a1528125:0xfa83ea16f7bc0dd8!8m2!3d49.801245!4d19.047236?shorturl=1\">A-BEST Bielsko-Bia\u0142a &#8211; Google Maps<\/a><\/li>\n<li><a href=\"https:\/\/www.google.com\/maps\/place\/A-BEST+Akumulatory.+Hurt,+Detal,+autoryzowany+dystrybutor+od+roku+1991.\/@49.6816542,19.1822602,17z\/data=!3m1!4b1!4m5!3m4!1s0x4714263cba3aaee3:0x5756e54466a79f88!8m2!3d49.6816542!4d19.1844489\">A-BEST \u017bywiec &#8211; Google Maps<\/a><\/li>\n<\/ul>\n<p><img loading=\"lazy\" class=\"size-full wp-image-103\" src=\"http:\/\/www.abest.com.pl\/wp\/wp-content\/uploads\/2018\/09\/logo.png\" alt=\"A-BEST Akumulatory Bielsko-Bia\u0142a, A-BEST Akumulatory \u017bywiec\" width=\"330\" height=\"213\" srcset=\"http:\/\/www.abest.com.pl\/wp\/wp-content\/uploads\/2018\/09\/logo.png 330w, http:\/\/www.abest.com.pl\/wp\/wp-content\/uploads\/2018\/09\/logo-300x194.png 300w\" sizes=\"(max-width: 330px) 100vw, 330px\" \/><\/p>\n","protected":false},"excerpt":{"rendered":"<p>A-BEST Akumulatory Bielsko i A-BEST Akumulatory \u017bywiec: oferujemy bardzo bogat\u0105 gam\u0119 akumulator\u00f3w &#8211; jeste\u015bmy przedstawicielem firm: Centra, Exide, Bosch i innych. Od 28 lat (rok za\u0142o\u017cenia 1991) zajmujemy si\u0119 sprzeda\u017c\u0105 akumulator\u00f3w w Bielsku-Bia\u0142ej i \u017bywcu. Prowadzimy sprzeda\u017c hurtow\u0105 i detaliczn\u0105. Jeste\u015bmy oficjalnym przedstawicielem firm: Centra, Exide, Bosch, Sznajder, World Batt, Power Batt, PowerMax. Oferujemy bardzo [&hellip;]<\/p>\n","protected":false},"author":1,"featured_media":0,"parent":0,"menu_order":0,"comment_status":"closed","ping_status":"closed","template":"template-home.php","meta":[],"yoast_head":"<!-- This site is optimized with the Yoast SEO plugin v14.8.1 - https:\/\/yoast.com\/wordpress\/plugins\/seo\/ -->\n<title>Akumulatory Bielsko-Bia\u0142a i Akumulatory \u017bywiec - A-BEST<\/title>\n<meta name=\"description\" content=\"A-BEST Akumulatory Bielsko-Bia\u0142a i \u017bywiec. Oferujemy bardzo bogat\u0105 gam\u0119 akumulator\u00f3w - jeste\u015bmy przedstawicielem firm: Centra, Exide, Bosch i innych.\" \/>\n<meta name=\"robots\" content=\"index, follow\" \/>\n<meta name=\"googlebot\" content=\"index, follow, max-snippet:-1, max-image-preview:large, max-video-preview:-1\" \/>\n<meta name=\"bingbot\" content=\"index, follow, max-snippet:-1, max-image-preview:large, max-video-preview:-1\" \/>\n<link rel=\"canonical\" href=\"http:\/\/www.abest.com.pl\/wp\/\" \/>\n<meta property=\"og:locale\" content=\"pl_PL\" \/>\n<meta property=\"og:type\" content=\"article\" \/>\n<meta property=\"og:title\" content=\"Akumulatory Bielsko-Bia\u0142a i Akumulatory \u017bywiec - A-BEST\" \/>\n<meta property=\"og:description\" content=\"A-BEST Akumulatory Bielsko-Bia\u0142a i \u017bywiec. Oferujemy bardzo bogat\u0105 gam\u0119 akumulator\u00f3w - jeste\u015bmy przedstawicielem firm: Centra, Exide, Bosch i innych.\" \/>\n<meta property=\"og:url\" content=\"http:\/\/www.abest.com.pl\/wp\/\" \/>\n<meta property=\"og:site_name\" content=\"A-BEST Akumulatory\" \/>\n<meta property=\"article:modified_time\" content=\"2019-01-26T14:24:21+00:00\" \/>\n<meta property=\"og:image\" content=\"http:\/\/www.abest.com.pl\/wp\/wp-content\/uploads\/2018\/09\/logo.png\" \/>\n<meta name=\"twitter:card\" content=\"summary_large_image\" \/>\n<script type=\"application\/ld+json\" class=\"yoast-schema-graph\">{\"@context\":\"https:\/\/schema.org\",\"@graph\":[{\"@type\":\"Organization\",\"@id\":\"http:\/\/www.abest.com.pl\/wp\/#organization\",\"name\":\"A-Best Akumulatory\",\"url\":\"http:\/\/www.abest.com.pl\/wp\/\",\"sameAs\":[],\"logo\":{\"@type\":\"ImageObject\",\"@id\":\"http:\/\/www.abest.com.pl\/wp\/#logo\",\"inLanguage\":\"pl-PL\",\"url\":\"http:\/\/www.abest.com.pl\/wp\/wp-content\/uploads\/2018\/09\/logo.png\",\"width\":330,\"height\":213,\"caption\":\"A-Best Akumulatory\"},\"image\":{\"@id\":\"http:\/\/www.abest.com.pl\/wp\/#logo\"}},{\"@type\":\"WebSite\",\"@id\":\"http:\/\/www.abest.com.pl\/wp\/#website\",\"url\":\"http:\/\/www.abest.com.pl\/wp\/\",\"name\":\"A-BEST Akumulatory\",\"description\":\"Hurt, Detal, autoryzowany dystrybutor od roku 1991.\",\"publisher\":{\"@id\":\"http:\/\/www.abest.com.pl\/wp\/#organization\"},\"potentialAction\":[{\"@type\":\"SearchAction\",\"target\":\"http:\/\/www.abest.com.pl\/wp\/?s={search_term_string}\",\"query-input\":\"required name=search_term_string\"}],\"inLanguage\":\"pl-PL\"},{\"@type\":\"ImageObject\",\"@id\":\"http:\/\/www.abest.com.pl\/wp\/#primaryimage\",\"inLanguage\":\"pl-PL\",\"url\":\"http:\/\/www.abest.com.pl\/wp\/wp-content\/uploads\/2018\/09\/logo.png\",\"width\":330,\"height\":213,\"caption\":\"A-BEST Akumulatory Bielsko-Bia\\u0142a, A-BEST Akumulatory \\u017bywiec\"},{\"@type\":\"WebPage\",\"@id\":\"http:\/\/www.abest.com.pl\/wp\/#webpage\",\"url\":\"http:\/\/www.abest.com.pl\/wp\/\",\"name\":\"Akumulatory Bielsko-Bia\\u0142a i Akumulatory \\u017bywiec - A-BEST\",\"isPartOf\":{\"@id\":\"http:\/\/www.abest.com.pl\/wp\/#website\"},\"primaryImageOfPage\":{\"@id\":\"http:\/\/www.abest.com.pl\/wp\/#primaryimage\"},\"datePublished\":\"2018-04-09T19:32:50+00:00\",\"dateModified\":\"2019-01-26T14:24:21+00:00\",\"description\":\"A-BEST Akumulatory Bielsko-Bia\\u0142a i \\u017bywiec. Oferujemy bardzo bogat\\u0105 gam\\u0119 akumulator\\u00f3w - jeste\\u015bmy przedstawicielem firm: Centra, Exide, Bosch i innych.\",\"inLanguage\":\"pl-PL\",\"potentialAction\":[{\"@type\":\"ReadAction\",\"target\":[\"http:\/\/www.abest.com.pl\/wp\/\"]}]}]}<\/script>\n<!-- \/ Yoast SEO plugin. -->","_links":{"self":[{"href":"http:\/\/www.abest.com.pl\/wp\/wp-json\/wp\/v2\/pages\/11"}],"collection":[{"href":"http:\/\/www.abest.com.pl\/wp\/wp-json\/wp\/v2\/pages"}],"about":[{"href":"http:\/\/www.abest.com.pl\/wp\/wp-json\/wp\/v2\/types\/page"}],"author":[{"embeddable":true,"href":"http:\/\/www.abest.com.pl\/wp\/wp-json\/wp\/v2\/users\/1"}],"replies":[{"embeddable":true,"href":"http:\/\/www.abest.com.pl\/wp\/wp-json\/wp\/v2\/comments?post=11"}],"version-history":[{"count":10,"href":"http:\/\/www.abest.com.pl\/wp\/wp-json\/wp\/v2\/pages\/11\/revisions"}],"predecessor-version":[{"id":241,"href":"http:\/\/www.abest.com.pl\/wp\/wp-json\/wp\/v2\/pages\/11\/revisions\/241"}],"wp:attachment":[{"href":"http:\/\/www.abest.com.pl\/wp\/wp-json\/wp\/v2\/media?parent=11"}],"curies":[{"name":"wp","href":"https:\/\/api.w.org\/{rel}","templated":true}]}}